{"id":116,"date":"2021-03-18T18:40:25","date_gmt":"2021-03-18T17:40:25","guid":{"rendered":"https:\/\/ahce.fr\/?page_id=116"},"modified":"2025-08-21T20:11:08","modified_gmt":"2025-08-21T18:11:08","slug":"nos-projets-futurs","status":"publish","type":"page","link":"https:\/\/ahce.fr\/en\/nos-projets-futurs\/","title":{"rendered":"Our future projects"},"content":{"rendered":"<div data-elementor-type=\"wp-page\" data-elementor-id=\"116\" class=\"elementor elementor-116\">\n\t\t\t\t\t\t<section class=\"elementor-section elementor-top-section elementor-element elementor-element-cc01359 elementor-section-boxed elementor-section-height-default elementor-section-height-default\" data-id=\"cc01359\" data-element_type=\"section\">\n\t\t\t\t\t\t<div class=\"elementor-container elementor-column-gap-default\">\n\t\t\t\t\t<div class=\"elementor-column elementor-col-100 elementor-top-column elementor-element elementor-element-18d4085\" data-id=\"18d4085\" data-element_type=\"column\">\n\t\t\t<div class=\"elementor-widget-wrap elementor-element-populated\">\n\t\t\t\t\t\t<div class=\"elementor-element elementor-element-37b241c elementor-widget elementor-widget-text-editor\" data-id=\"37b241c\" data-element_type=\"widget\" data-widget_type=\"text-editor.default\">\n\t\t\t\t<div class=\"elementor-widget-container\">\n\t\t\t\t\t\t\t\t\t<p>After the success of our 13 missions \u2014 N\u2019Djamena in Chad, Sidi Kacem in Morocco, Dushanbe in Tajikistan, Cienfuegos in Cuba (2011 &amp; 2014), Ouagadougou in Burkina Faso (2013 &amp; 2015), Guinea (2016), Laos (2016 &amp; 2018), Madagascar (2019), Togo (2022), Madagascar (2024) \u2014 we are now actively preparing our next mission.<\/p>\n<p>We have projects planned to carry out further missions in Guinea (Conakry) and Madagascar.<\/p>\n<p>We are also seeking logistical and financial support to continue our future missions.<\/p>\t\t\t\t\t\t\t\t<\/div>\n\t\t\t\t<\/div>\n\t\t\t\t\t<\/div>\n\t\t<\/div>\n\t\t\t\t\t<\/div>\n\t\t<\/section>\n\t\t\t\t<section class=\"elementor-section elementor-top-section elementor-element elementor-element-c46378c elementor-section-boxed elementor-section-height-default elementor-section-height-default\" data-id=\"c46378c\" data-element_type=\"section\">\n\t\t\t\t\t\t<div class=\"elementor-container elementor-column-gap-default\">\n\t\t\t\t\t<div class=\"elementor-column elementor-col-100 elementor-top-column elementor-element elementor-element-1e25552\" data-id=\"1e25552\" data-element_type=\"column\">\n\t\t\t<div class=\"elementor-widget-wrap elementor-element-populated\">\n\t\t\t\t\t\t<div class=\"elementor-element elementor-element-a8f9c6e elementor-widget elementor-widget-heading\" data-id=\"a8f9c6e\" data-element_type=\"widget\" data-widget_type=\"heading.default\">\n\t\t\t\t<div class=\"elementor-widget-container\">\n\t\t\t\t\t<h2 class=\"elementor-heading-title elementor-size-default\">Our first project in 2008 (video in French)<\/h2>\t\t\t\t<\/div>\n\t\t\t\t<\/div>\n\t\t\t\t\t<\/div>\n\t\t<\/div>\n\t\t\t\t\t<\/div>\n\t\t<\/section>\n\t\t\t\t<section class=\"elementor-section elementor-top-section elementor-element elementor-element-5c9b57d elementor-section-boxed elementor-section-height-default elementor-section-height-default\" data-id=\"5c9b57d\" data-element_type=\"section\">\n\t\t\t\t\t\t<div class=\"elementor-container elementor-column-gap-default\">\n\t\t\t\t\t<div class=\"elementor-column elementor-col-100 elementor-top-column elementor-element elementor-element-48afdd7\" data-id=\"48afdd7\" data-element_type=\"column\">\n\t\t\t<div class=\"elementor-widget-wrap elementor-element-populated\">\n\t\t\t\t\t\t<div class=\"elementor-element elementor-element-a5c47b6 elementor-widget elementor-widget-video\" data-id=\"a5c47b6\" data-element_type=\"widget\" data-settings=\"{&quot;youtube_url&quot;:&quot;https:\\\/\\\/www.youtube.com\\\/watch?v=DKChHRsZrPs&quot;,&quot;video_type&quot;:&quot;youtube&quot;,&quot;controls&quot;:&quot;yes&quot;}\" data-widget_type=\"video.default\">\n\t\t\t\t<div class=\"elementor-widget-container\">\n\t\t\t\t\t\t\t<div class=\"elementor-wrapper elementor-open-inline\">\n\t\t\t<div class=\"elementor-video\"><\/div>\t\t<\/div>\n\t\t\t\t\t\t<\/div>\n\t\t\t\t<\/div>\n\t\t\t\t\t<\/div>\n\t\t<\/div>\n\t\t\t\t\t<\/div>\n\t\t<\/section>\n\t\t\t\t<\/div>","protected":false},"excerpt":{"rendered":"<p>Apr\u00e8s le succ\u00e8s de nos 13 missions : N\u2019Djamena au Tchad, Sidi Kacem au Maroc, Duchanb\u00e9 au Tadjikistan, Cienfuegos \u00e0 Cuba (2011 &amp; 2014), Ouagadougou au Burkina Faso (2013 &amp; 2015), Guin\u00e9e (2016), Laos (2016 &amp; 2018), Madagascar(2019), Togo (2022),&hellip; <\/p>","protected":false},"author":1,"featured_media":0,"parent":0,"menu_order":0,"comment_status":"closed","ping_status":"closed","template":"","meta":{"footnotes":""},"class_list":["post-116","page","type-page","status-publish","hentry"],"_links":{"self":[{"href":"https:\/\/ahce.fr\/en\/wp-json\/wp\/v2\/pages\/116","targetHints":{"allow":["GET"]}}],"collection":[{"href":"https:\/\/ahce.fr\/en\/wp-json\/wp\/v2\/pages"}],"about":[{"href":"https:\/\/ahce.fr\/en\/wp-json\/wp\/v2\/types\/page"}],"author":[{"embeddable":true,"href":"https:\/\/ahce.fr\/en\/wp-json\/wp\/v2\/users\/1"}],"replies":[{"embeddable":true,"href":"https:\/\/ahce.fr\/en\/wp-json\/wp\/v2\/comments?post=116"}],"version-history":[{"count":0,"href":"https:\/\/ahce.fr\/en\/wp-json\/wp\/v2\/pages\/116\/revisions"}],"wp:attachment":[{"href":"https:\/\/ahce.fr\/en\/wp-json\/wp\/v2\/media?parent=116"}],"curies":[{"name":"wp","href":"https:\/\/api.w.org\/{rel}","templated":true}]}}