{"id":60,"date":"2021-03-18T15:38:13","date_gmt":"2021-03-18T14:38:13","guid":{"rendered":"https:\/\/ahce.fr\/?page_id=60"},"modified":"2025-08-21T20:25:47","modified_gmt":"2025-08-21T18:25:47","slug":"informations-generales","status":"publish","type":"page","link":"https:\/\/ahce.fr\/en\/informations-generales\/","title":{"rendered":"General information"},"content":{"rendered":"<div data-elementor-type=\"wp-page\" data-elementor-id=\"60\" class=\"elementor elementor-60\">\n\t\t\t\t\t\t<section class=\"elementor-section elementor-top-section elementor-element elementor-element-54c352a elementor-section-boxed elementor-section-height-default elementor-section-height-default\" data-id=\"54c352a\" data-element_type=\"section\">\n\t\t\t\t\t\t<div class=\"elementor-container elementor-column-gap-default\">\n\t\t\t\t\t<div class=\"elementor-column elementor-col-100 elementor-top-column elementor-element elementor-element-a2b864f\" data-id=\"a2b864f\" data-element_type=\"column\">\n\t\t\t<div class=\"elementor-widget-wrap elementor-element-populated\">\n\t\t\t\t\t\t<div class=\"elementor-element elementor-element-b185f88 elementor-widget elementor-widget-heading\" data-id=\"b185f88\" data-element_type=\"widget\" data-widget_type=\"heading.default\">\n\t\t\t\t<div class=\"elementor-widget-container\">\n\t\t\t\t\t<h2 class=\"elementor-heading-title elementor-size-medium\">Lifecycle of an operation<\/h2>\t\t\t\t<\/div>\n\t\t\t\t<\/div>\n\t\t\t\t\t<\/div>\n\t\t<\/div>\n\t\t\t\t\t<\/div>\n\t\t<\/section>\n\t\t\t\t<section class=\"elementor-section elementor-top-section elementor-element elementor-element-58aa729 elementor-section-boxed elementor-section-height-default elementor-section-height-default\" data-id=\"58aa729\" data-element_type=\"section\">\n\t\t\t\t\t\t<div class=\"elementor-container elementor-column-gap-default\">\n\t\t\t\t\t<div class=\"elementor-column elementor-col-100 elementor-top-column elementor-element elementor-element-e776441\" data-id=\"e776441\" data-element_type=\"column\">\n\t\t\t<div class=\"elementor-widget-wrap elementor-element-populated\">\n\t\t\t\t\t\t<div class=\"elementor-element elementor-element-3686eb1 elementor-widget elementor-widget-text-editor\" data-id=\"3686eb1\" data-element_type=\"widget\" data-widget_type=\"text-editor.default\">\n\t\t\t\t<div class=\"elementor-widget-container\">\n\t\t\t\t\t\t\t\t\t<p>The main stages of an operation are structured as follows:<\/p><ul><li>Choice of country and feasibility study.<\/li><li>Collection of computers that are no longer in use.<\/li><li>Preparation, formatting, and installation of open-source software on these PCs (Linux system, LibreOffice word processing, Gcompris educational software, etc.). Partnership with\u00a0<a href=\"https:\/\/web.archive.org\/web\/20200810054624\/http:\/\/www.humanis.org\/\">Humanis<\/a>.<\/li><li>Organization of transport from Strasbourg to the destination site.<\/li><li>Participation in on-site installation and implementation of both theoretical and practical training for the use of the equipment.<\/li><\/ul>\t\t\t\t\t\t\t\t<\/div>\n\t\t\t\t<\/div>\n\t\t\t\t\t<\/div>\n\t\t<\/div>\n\t\t\t\t\t<\/div>\n\t\t<\/section>\n\t\t\t\t<section class=\"elementor-section elementor-top-section elementor-element elementor-element-80051ca elementor-section-boxed elementor-section-height-default elementor-section-height-default\" data-id=\"80051ca\" data-element_type=\"section\">\n\t\t\t\t\t\t<div class=\"elementor-container elementor-column-gap-default\">\n\t\t\t\t\t<div class=\"elementor-column elementor-col-100 elementor-top-column elementor-element elementor-element-8ebde27\" data-id=\"8ebde27\" data-element_type=\"column\">\n\t\t\t<div class=\"elementor-widget-wrap elementor-element-populated\">\n\t\t\t\t\t\t<div class=\"elementor-element elementor-element-8b60bb0 elementor-widget elementor-widget-heading\" data-id=\"8b60bb0\" data-element_type=\"widget\" data-widget_type=\"heading.default\">\n\t\t\t\t<div class=\"elementor-widget-container\">\n\t\t\t\t\t<h2 class=\"elementor-heading-title elementor-size-default\">Types of PCs sent<\/h2>\t\t\t\t<\/div>\n\t\t\t\t<\/div>\n\t\t\t\t\t<\/div>\n\t\t<\/div>\n\t\t\t\t\t<\/div>\n\t\t<\/section>\n\t\t\t\t<section class=\"elementor-section elementor-top-section elementor-element elementor-element-9a07ad3 elementor-section-boxed elementor-section-height-default elementor-section-height-default\" data-id=\"9a07ad3\" data-element_type=\"section\">\n\t\t\t\t\t\t<div class=\"elementor-container elementor-column-gap-default\">\n\t\t\t\t\t<div class=\"elementor-column elementor-col-100 elementor-top-column elementor-element elementor-element-a49ff76\" data-id=\"a49ff76\" data-element_type=\"column\">\n\t\t\t<div class=\"elementor-widget-wrap elementor-element-populated\">\n\t\t\t\t\t\t<div class=\"elementor-element elementor-element-59d7a8c elementor-widget elementor-widget-text-editor\" data-id=\"59d7a8c\" data-element_type=\"widget\" data-widget_type=\"text-editor.default\">\n\t\t\t\t<div class=\"elementor-widget-container\">\n\t\t\t\t\t\t\t\t\t<div id=\"sites-canvas-main\"><div id=\"sites-canvas-main-content\"><table border=\"0\" width=\"446\" cellspacing=\"0\"><tbody><tr><td><div dir=\"ltr\"><b>In 2010 (Tadjikistan)<\/b><br \/>Ordinateur de type pentium IV<br \/>M\u00e9moire 512 Mo<br \/>Disque dur 40 Go<br \/>\u00c9cran plat 15 pouces<br \/>Clavier \u2013 souris, Prise R\u00e9seau, USB<br \/>Lecteur de CD-ROM\/DVD-ROM<\/div><\/td><\/tr><\/tbody><tbody><tr><td><div dir=\"ltr\"><b>In 2014 (Cienfuegos \u2013 Cuba)<\/b><br \/>Ordinateur de type pentium IV \u2013 2.9 Ghz<br \/>M\u00e9moire 1 Go<br \/>Disque dur 80 Go<br \/>\u00c9cran plat 17 pouces<br \/>Clavier \u2013 souris, Prise R\u00e9seau, USB<br \/>Lecteur DVD<\/div><\/td><\/tr><\/tbody><\/table><\/div><\/div><h3 align=\"left\">\u00a0<\/h3><p>\u00a0<\/p>\t\t\t\t\t\t\t\t<\/div>\n\t\t\t\t<\/div>\n\t\t\t\t\t<\/div>\n\t\t<\/div>\n\t\t\t\t\t<\/div>\n\t\t<\/section>\n\t\t\t\t<section class=\"elementor-section elementor-top-section elementor-element elementor-element-1720d46 elementor-section-boxed elementor-section-height-default elementor-section-height-default\" data-id=\"1720d46\" data-element_type=\"section\">\n\t\t\t\t\t\t<div class=\"elementor-container elementor-column-gap-default\">\n\t\t\t\t\t<div class=\"elementor-column elementor-col-100 elementor-top-column elementor-element elementor-element-4fc95af\" data-id=\"4fc95af\" data-element_type=\"column\">\n\t\t\t<div class=\"elementor-widget-wrap elementor-element-populated\">\n\t\t\t\t\t\t<div class=\"elementor-element elementor-element-d1b6331 elementor-widget elementor-widget-image\" data-id=\"d1b6331\" data-element_type=\"widget\" data-widget_type=\"image.default\">\n\t\t\t\t<div class=\"elementor-widget-container\">\n\t\t\t\t\t\t\t\t\t\t\t\t<figure class=\"wp-caption\">\n\t\t\t\t\t\t\t\t\t\t<img fetchpriority=\"high\" decoding=\"async\" width=\"700\" height=\"316\" src=\"https:\/\/ahce.fr\/wp-content\/uploads\/2021\/03\/2010-Tadjikistan-B.jpg\" class=\"attachment-large size-large wp-image-18\" alt=\"Les jeunes de l&#039;orphelinat de Fahror participent \u00e0 l&#039;installation des PCs\" srcset=\"https:\/\/ahce.fr\/wp-content\/uploads\/2021\/03\/2010-Tadjikistan-B.jpg 1018w, https:\/\/ahce.fr\/wp-content\/uploads\/2021\/03\/2010-Tadjikistan-B-300x136.jpg 300w, https:\/\/ahce.fr\/wp-content\/uploads\/2021\/03\/2010-Tadjikistan-B-768x347.jpg 768w\" sizes=\"(max-width: 700px) 100vw, 700px\" \/>\t\t\t\t\t\t\t\t\t\t\t<figcaption class=\"widget-image-caption wp-caption-text\">Ubuntu Installation and Training at the Fahror Orphanage near the Afghan\u2013Tajik border (2010).<\/figcaption>\n\t\t\t\t\t\t\t\t\t\t<\/figure>\n\t\t\t\t\t\t\t\t\t<\/div>\n\t\t\t\t<\/div>\n\t\t\t\t\t<\/div>\n\t\t<\/div>\n\t\t\t\t\t<\/div>\n\t\t<\/section>\n\t\t\t\t<section class=\"elementor-section elementor-top-section elementor-element elementor-element-f78c3d1 elementor-section-boxed elementor-section-height-default elementor-section-height-default\" data-id=\"f78c3d1\" data-element_type=\"section\">\n\t\t\t\t\t\t<div class=\"elementor-container elementor-column-gap-default\">\n\t\t\t\t\t<div class=\"elementor-column elementor-col-100 elementor-top-column elementor-element elementor-element-3589cd5\" data-id=\"3589cd5\" data-element_type=\"column\">\n\t\t\t<div class=\"elementor-widget-wrap elementor-element-populated\">\n\t\t\t\t\t\t<div class=\"elementor-element elementor-element-d23fb82 elementor-widget elementor-widget-text-editor\" data-id=\"d23fb82\" data-element_type=\"widget\" data-widget_type=\"text-editor.default\">\n\t\t\t\t<div class=\"elementor-widget-container\">\n\t\t\t\t\t\t\t\t\t<h3 id=\"sites-page-title-header\" align=\"left\"><span id=\"sites-page-title\" dir=\"ltr\">History of our projects<\/span><\/h3><ul><li>2024 : Tananarive (Madagascar)\u00a0<\/li><li>2022 : Lom\u00e9 (Togo)<\/li><li>2019 : Sainte-Marie (Madagascar)<\/li><li>2018 : Village Ban fang deng (Laos)<\/li><li>2017 : Ouagadougou (Burina Faso)<\/li><li><span style=\"font-size: 14px;\">2016 : Village Ban fang deng (Laos)<\/span><\/li><li><span style=\"font-size: 14px;\">2015 : Ouagadougou (Burina Faso)<\/span><\/li><li><span style=\"font-size: 14px;\">2014 : Cienfuegos (Cuba)<\/span><\/li><li><span style=\"font-size: 14px;\">2013 : Ouagadougou (Burkina Faso)<\/span><\/li><li><span style=\"font-size: 14px;\">2012 : Cienfuegos (Cuba)<\/span><\/li><li><span style=\"font-size: 14px;\">2010 : Centre d\u2019enfants des rues \u00e0 Douchanb\u00e9 et Orphelina \u00e0 Farhor (Tajikistan)<\/span><\/li><li><span style=\"font-size: 14px;\">2019 : Sidi Kacem (Maroc)<\/span><\/li><li><span style=\"font-size: 14px;\">2008 : N\u2019damena (Tchad)<\/span><\/li><\/ul>\t\t\t\t\t\t\t\t<\/div>\n\t\t\t\t<\/div>\n\t\t\t\t\t<\/div>\n\t\t<\/div>\n\t\t\t\t\t<\/div>\n\t\t<\/section>\n\t\t\t\t<section class=\"elementor-section elementor-top-section elementor-element elementor-element-2b7fe7c elementor-section-boxed elementor-section-height-default elementor-section-height-default\" data-id=\"2b7fe7c\" data-element_type=\"section\">\n\t\t\t\t\t\t<div class=\"elementor-container elementor-column-gap-default\">\n\t\t\t\t\t<div class=\"elementor-column elementor-col-100 elementor-top-column elementor-element elementor-element-d34b919\" data-id=\"d34b919\" data-element_type=\"column\">\n\t\t\t<div class=\"elementor-widget-wrap elementor-element-populated\">\n\t\t\t\t\t\t<div class=\"elementor-element elementor-element-f8d37c0 elementor-widget elementor-widget-image\" data-id=\"f8d37c0\" data-element_type=\"widget\" data-widget_type=\"image.default\">\n\t\t\t\t<div class=\"elementor-widget-container\">\n\t\t\t\t\t\t\t\t\t\t\t\t<figure class=\"wp-caption\">\n\t\t\t\t\t\t\t\t\t\t<img decoding=\"async\" width=\"700\" height=\"394\" src=\"https:\/\/ahce.fr\/wp-content\/uploads\/2021\/03\/2019-Madagascar-C-1024x576.jpg\" class=\"attachment-large size-large wp-image-51\" alt=\"Formation des professeurs \u00e0 Sainte-Marie\" srcset=\"https:\/\/ahce.fr\/wp-content\/uploads\/2021\/03\/2019-Madagascar-C-1024x576.jpg 1024w, https:\/\/ahce.fr\/wp-content\/uploads\/2021\/03\/2019-Madagascar-C-300x169.jpg 300w, https:\/\/ahce.fr\/wp-content\/uploads\/2021\/03\/2019-Madagascar-C-768x432.jpg 768w, https:\/\/ahce.fr\/wp-content\/uploads\/2021\/03\/2019-Madagascar-C-1536x864.jpg 1536w, https:\/\/ahce.fr\/wp-content\/uploads\/2021\/03\/2019-Madagascar-C.jpg 2040w\" sizes=\"(max-width: 700px) 100vw, 700px\" \/>\t\t\t\t\t\t\t\t\t\t\t<figcaption class=\"widget-image-caption wp-caption-text\">Training carried out in Sainte-Marie (Madagascar) in 2019<\/figcaption>\n\t\t\t\t\t\t\t\t\t\t<\/figure>\n\t\t\t\t\t\t\t\t\t<\/div>\n\t\t\t\t<\/div>\n\t\t\t\t\t<\/div>\n\t\t<\/div>\n\t\t\t\t\t<\/div>\n\t\t<\/section>\n\t\t\t\t<\/div>","protected":false},"excerpt":{"rendered":"<p>Cycle de vie d&rsquo;une op\u00e9ration Les grandes lignes d\u2019une op\u00e9ration se composent de la mani\u00e8re suivante : Choix du pays et \u00e9tude de faisabilit\u00e9. Collecte des ordinateurs qui ne sont plus en service. Pr\u00e9paration du formatage et installation des logiciels&hellip; <\/p>","protected":false},"author":1,"featured_media":0,"parent":0,"menu_order":0,"comment_status":"closed","ping_status":"closed","template":"","meta":{"footnotes":""},"class_list":["post-60","page","type-page","status-publish","hentry"],"_links":{"self":[{"href":"https:\/\/ahce.fr\/en\/wp-json\/wp\/v2\/pages\/60","targetHints":{"allow":["GET"]}}],"collection":[{"href":"https:\/\/ahce.fr\/en\/wp-json\/wp\/v2\/pages"}],"about":[{"href":"https:\/\/ahce.fr\/en\/wp-json\/wp\/v2\/types\/page"}],"author":[{"embeddable":true,"href":"https:\/\/ahce.fr\/en\/wp-json\/wp\/v2\/users\/1"}],"replies":[{"embeddable":true,"href":"https:\/\/ahce.fr\/en\/wp-json\/wp\/v2\/comments?post=60"}],"version-history":[{"count":0,"href":"https:\/\/ahce.fr\/en\/wp-json\/wp\/v2\/pages\/60\/revisions"}],"wp:attachment":[{"href":"https:\/\/ahce.fr\/en\/wp-json\/wp\/v2\/media?parent=60"}],"curies":[{"name":"wp","href":"https:\/\/api.w.org\/{rel}","templated":true}]}}