{"id":95,"date":"2021-03-18T18:16:42","date_gmt":"2021-03-18T17:16:42","guid":{"rendered":"https:\/\/ahce.fr\/?page_id=95"},"modified":"2021-03-18T18:59:00","modified_gmt":"2021-03-18T17:59:00","slug":"nos-partenaires","status":"publish","type":"page","link":"https:\/\/ahce.fr\/en\/nos-partenaires\/","title":{"rendered":"Our partners"},"content":{"rendered":"<div data-elementor-type=\"wp-page\" data-elementor-id=\"95\" class=\"elementor elementor-95\">\n\t\t\t\t\t\t<section class=\"elementor-section elementor-top-section elementor-element elementor-element-af91ee5 elementor-section-boxed elementor-section-height-default elementor-section-height-default\" data-id=\"af91ee5\" data-element_type=\"section\">\n\t\t\t\t\t\t<div class=\"elementor-container elementor-column-gap-default\">\n\t\t\t\t\t<div class=\"elementor-column elementor-col-100 elementor-top-column elementor-element elementor-element-9a73874\" data-id=\"9a73874\" data-element_type=\"column\">\n\t\t\t<div class=\"elementor-widget-wrap elementor-element-populated\">\n\t\t\t\t\t\t<div class=\"elementor-element elementor-element-e4df4da elementor-widget elementor-widget-text-editor\" data-id=\"e4df4da\" data-element_type=\"widget\" data-widget_type=\"text-editor.default\">\n\t\t\t\t<div class=\"elementor-widget-container\">\n\t\t\t\t\t\t\t\t\t<p>De nombreux partenaires nous ont soutenu pour que nous projets puissent aboutir.<\/p>\t\t\t\t\t\t\t\t<\/div>\n\t\t\t\t<\/div>\n\t\t\t\t\t<\/div>\n\t\t<\/div>\n\t\t\t\t\t<\/div>\n\t\t<\/section>\n\t\t\t\t<section class=\"elementor-section elementor-top-section elementor-element elementor-element-ec10326 elementor-section-boxed elementor-section-height-default elementor-section-height-default\" data-id=\"ec10326\" data-element_type=\"section\">\n\t\t\t\t\t\t<div class=\"elementor-container elementor-column-gap-default\">\n\t\t\t\t\t<div class=\"elementor-column elementor-col-50 elementor-top-column elementor-element elementor-element-758556c\" data-id=\"758556c\" data-element_type=\"column\">\n\t\t\t<div class=\"elementor-widget-wrap elementor-element-populated\">\n\t\t\t\t\t\t<div class=\"elementor-element elementor-element-b75593c elementor-widget elementor-widget-image\" data-id=\"b75593c\" data-element_type=\"widget\" data-widget_type=\"image.default\">\n\t\t\t\t<div class=\"elementor-widget-container\">\n\t\t\t\t\t\t\t\t\t\t\t\t\t\t\t<img decoding=\"async\" width=\"150\" height=\"150\" src=\"https:\/\/ahce.fr\/wp-content\/uploads\/2021\/03\/logo-free.png\" class=\"attachment-large size-large wp-image-97\" alt=\"\" \/>\t\t\t\t\t\t\t\t\t\t\t\t\t\t\t<\/div>\n\t\t\t\t<\/div>\n\t\t\t\t\t<\/div>\n\t\t<\/div>\n\t\t\t\t<div class=\"elementor-column elementor-col-50 elementor-top-column elementor-element elementor-element-6a3bd7e\" data-id=\"6a3bd7e\" data-element_type=\"column\">\n\t\t\t<div class=\"elementor-widget-wrap elementor-element-populated\">\n\t\t\t\t\t\t<div class=\"elementor-element elementor-element-9eccb90 elementor-widget elementor-widget-text-editor\" data-id=\"9eccb90\" data-element_type=\"widget\" data-widget_type=\"text-editor.default\">\n\t\t\t\t<div class=\"elementor-widget-container\">\n\t\t\t\t\t\t\t\t\t<p><a href=\"https:\/\/www.fondation-free.fr\/\"><strong>Fondation d\u2019entreprise free<\/strong><\/a>\u00a0:\u00a0 La fondation free a pour objet de r\u00e9duire le fracture num\u00e9rique et soutient les logiciels libres. C\u2019est donc tout naturellement que nous nous sommes rencontr\u00e9s puisque nous poursuivons les m\u00eames objectifs. Elle nous sponsorise depuis plus de 4\u00a0ann\u00e9es\u00a0de suite dans nos projets.<\/p>\t\t\t\t\t\t\t\t<\/div>\n\t\t\t\t<\/div>\n\t\t\t\t\t<\/div>\n\t\t<\/div>\n\t\t\t\t\t<\/div>\n\t\t<\/section>\n\t\t\t\t<section class=\"elementor-section elementor-top-section elementor-element elementor-element-95352a7 elementor-section-boxed elementor-section-height-default elementor-section-height-default\" data-id=\"95352a7\" data-element_type=\"section\">\n\t\t\t\t\t\t<div class=\"elementor-container elementor-column-gap-default\">\n\t\t\t\t\t<div class=\"elementor-column elementor-col-50 elementor-top-column elementor-element elementor-element-2e33631\" data-id=\"2e33631\" data-element_type=\"column\">\n\t\t\t<div class=\"elementor-widget-wrap elementor-element-populated\">\n\t\t\t\t\t\t<div class=\"elementor-element elementor-element-bb0405c elementor-widget elementor-widget-image\" data-id=\"bb0405c\" data-element_type=\"widget\" data-widget_type=\"image.default\">\n\t\t\t\t<div class=\"elementor-widget-container\">\n\t\t\t\t\t\t\t\t\t\t\t\t\t\t\t<img decoding=\"async\" width=\"150\" height=\"150\" src=\"https:\/\/ahce.fr\/wp-content\/uploads\/2021\/03\/logo-humanis.png\" class=\"attachment-large size-large wp-image-99\" alt=\"\" \/>\t\t\t\t\t\t\t\t\t\t\t\t\t\t\t<\/div>\n\t\t\t\t<\/div>\n\t\t\t\t\t<\/div>\n\t\t<\/div>\n\t\t\t\t<div class=\"elementor-column elementor-col-50 elementor-top-column elementor-element elementor-element-37911d1\" data-id=\"37911d1\" data-element_type=\"column\">\n\t\t\t<div class=\"elementor-widget-wrap elementor-element-populated\">\n\t\t\t\t\t\t<div class=\"elementor-element elementor-element-0df5522 elementor-widget elementor-widget-text-editor\" data-id=\"0df5522\" data-element_type=\"widget\" data-widget_type=\"text-editor.default\">\n\t\t\t\t<div class=\"elementor-widget-container\">\n\t\t\t\t\t\t\t\t\t<p><a href=\"https:\/\/www.humanis.org\/\"><strong>L\u2019association Humanis<\/strong><\/a>\u00a0:\u00a0Ce collectif d&rsquo;association nous aide dans la pr\u00e9paration, l\u2019installation et le conditionnement des ordinateurs. Gr\u00e2ce \u00e0 cette aide, nos projets commencent sur de bonnes bases avec une forte motivation.<\/p>\t\t\t\t\t\t\t\t<\/div>\n\t\t\t\t<\/div>\n\t\t\t\t\t<\/div>\n\t\t<\/div>\n\t\t\t\t\t<\/div>\n\t\t<\/section>\n\t\t\t\t<section class=\"elementor-section elementor-top-section elementor-element elementor-element-85ce5f3 elementor-section-boxed elementor-section-height-default elementor-section-height-default\" data-id=\"85ce5f3\" data-element_type=\"section\">\n\t\t\t\t\t\t<div class=\"elementor-container elementor-column-gap-default\">\n\t\t\t\t\t<div class=\"elementor-column elementor-col-50 elementor-top-column elementor-element elementor-element-e31942f\" data-id=\"e31942f\" data-element_type=\"column\">\n\t\t\t<div class=\"elementor-widget-wrap elementor-element-populated\">\n\t\t\t\t\t\t<div class=\"elementor-element elementor-element-f36c00c elementor-widget elementor-widget-image\" data-id=\"f36c00c\" data-element_type=\"widget\" data-widget_type=\"image.default\">\n\t\t\t\t<div class=\"elementor-widget-container\">\n\t\t\t\t\t\t\t\t\t\t\t\t\t\t\t<img decoding=\"async\" width=\"150\" height=\"150\" src=\"https:\/\/ahce.fr\/wp-content\/uploads\/2021\/03\/logo-entraide-solidarites.png\" class=\"attachment-large size-large wp-image-101\" alt=\"\" \/>\t\t\t\t\t\t\t\t\t\t\t\t\t\t\t<\/div>\n\t\t\t\t<\/div>\n\t\t\t\t\t<\/div>\n\t\t<\/div>\n\t\t\t\t<div class=\"elementor-column elementor-col-50 elementor-top-column elementor-element elementor-element-64c2ffc\" data-id=\"64c2ffc\" data-element_type=\"column\">\n\t\t\t<div class=\"elementor-widget-wrap elementor-element-populated\">\n\t\t\t\t\t\t<div class=\"elementor-element elementor-element-6f990af elementor-widget elementor-widget-text-editor\" data-id=\"6f990af\" data-element_type=\"widget\" data-widget_type=\"text-editor.default\">\n\t\t\t\t<div class=\"elementor-widget-container\">\n\t\t\t\t\t\t\t\t\t<p><a href=\"https:\/\/www.coe.int\/fr\/web\/solidarity\">L\u2019association Entraide &#8211; Solidarit\u00e9s<\/a> \u00a0:\u00a0 L\u2019aide de l\u2019association Entraide Solidarit\u00e9s nous a permis de financer plusieurs transports de Strasbourg au port de destination. Quelques-fois des petits d\u00e9tails peuvent faire p\u00e9ricliter un projet, et l\u2019aide de cette association nous a permis de lancer officiellement plusieurs projets.<\/p>\t\t\t\t\t\t\t\t<\/div>\n\t\t\t\t<\/div>\n\t\t\t\t\t<\/div>\n\t\t<\/div>\n\t\t\t\t\t<\/div>\n\t\t<\/section>\n\t\t\t\t<section class=\"elementor-section elementor-top-section elementor-element elementor-element-3b95b3b elementor-section-boxed elementor-section-height-default elementor-section-height-default\" data-id=\"3b95b3b\" data-element_type=\"section\">\n\t\t\t\t\t\t<div class=\"elementor-container elementor-column-gap-default\">\n\t\t\t\t\t<div class=\"elementor-column elementor-col-50 elementor-top-column elementor-element elementor-element-66a878b\" data-id=\"66a878b\" data-element_type=\"column\">\n\t\t\t<div class=\"elementor-widget-wrap elementor-element-populated\">\n\t\t\t\t\t\t<div class=\"elementor-element elementor-element-498d025 elementor-widget elementor-widget-image\" data-id=\"498d025\" data-element_type=\"widget\" data-widget_type=\"image.default\">\n\t\t\t\t<div class=\"elementor-widget-container\">\n\t\t\t\t\t\t\t\t\t\t\t\t\t\t\t<img loading=\"lazy\" decoding=\"async\" width=\"150\" height=\"150\" src=\"https:\/\/ahce.fr\/wp-content\/uploads\/2021\/03\/logo-armee-francaise.png\" class=\"attachment-large size-large wp-image-100\" alt=\"\" \/>\t\t\t\t\t\t\t\t\t\t\t\t\t\t\t<\/div>\n\t\t\t\t<\/div>\n\t\t\t\t\t<\/div>\n\t\t<\/div>\n\t\t\t\t<div class=\"elementor-column elementor-col-50 elementor-top-column elementor-element elementor-element-fa62a54\" data-id=\"fa62a54\" data-element_type=\"column\">\n\t\t\t<div class=\"elementor-widget-wrap elementor-element-populated\">\n\t\t\t\t\t\t<div class=\"elementor-element elementor-element-655fa1a elementor-widget elementor-widget-text-editor\" data-id=\"655fa1a\" data-element_type=\"widget\" data-widget_type=\"text-editor.default\">\n\t\t\t\t<div class=\"elementor-widget-container\">\n\t\t\t\t\t\t\t\t\t<p><a href=\"https:\/\/www.defense.gouv.fr\/\">L\u2019arm\u00e9e fran\u00e7aise<\/a>\u00a0:\u00a0L\u2019aide de l\u2019arm\u00e9e nous a \u00e9t\u00e9 essentielle pour permettre le transport des ordinateurs de Paris \u00e0 N\u2019Djamena et de Paris \u00e0 Douchanb\u00e9. Sans l\u2019aide de l\u2019arm\u00e9e, nous aurions du rechercher un financement cons\u00e9quent suppl\u00e9mentaire pour un transport par bateau avec tous les al\u00e9as qui en d\u00e9coulent.<\/p>\t\t\t\t\t\t\t\t<\/div>\n\t\t\t\t<\/div>\n\t\t\t\t\t<\/div>\n\t\t<\/div>\n\t\t\t\t\t<\/div>\n\t\t<\/section>\n\t\t\t\t<\/div>","protected":false},"excerpt":{"rendered":"<p>De nombreux partenaires nous ont soutenu pour que nous projets puissent aboutir. Fondation d\u2019entreprise free\u00a0:\u00a0 La fondation free a pour objet de r\u00e9duire le fracture num\u00e9rique et soutient les logiciels libres. C\u2019est donc tout naturellement que nous nous sommes rencontr\u00e9s&hellip; <\/p>","protected":false},"author":1,"featured_media":0,"parent":0,"menu_order":0,"comment_status":"closed","ping_status":"closed","template":"","meta":{"footnotes":""},"class_list":["post-95","page","type-page","status-publish","hentry"],"_links":{"self":[{"href":"https:\/\/ahce.fr\/en\/wp-json\/wp\/v2\/pages\/95","targetHints":{"allow":["GET"]}}],"collection":[{"href":"https:\/\/ahce.fr\/en\/wp-json\/wp\/v2\/pages"}],"about":[{"href":"https:\/\/ahce.fr\/en\/wp-json\/wp\/v2\/types\/page"}],"author":[{"embeddable":true,"href":"https:\/\/ahce.fr\/en\/wp-json\/wp\/v2\/users\/1"}],"replies":[{"embeddable":true,"href":"https:\/\/ahce.fr\/en\/wp-json\/wp\/v2\/comments?post=95"}],"version-history":[{"count":0,"href":"https:\/\/ahce.fr\/en\/wp-json\/wp\/v2\/pages\/95\/revisions"}],"wp:attachment":[{"href":"https:\/\/ahce.fr\/en\/wp-json\/wp\/v2\/media?parent=95"}],"curies":[{"name":"wp","href":"https:\/\/api.w.org\/{rel}","templated":true}]}}